{"id":558,"date":"2024-05-24T22:55:55","date_gmt":"2024-05-24T22:55:55","guid":{"rendered":"https:\/\/centrosdotorvalle.es\/?post_type=product&#038;p=558"},"modified":"2024-05-24T22:57:08","modified_gmt":"2024-05-24T22:57:08","slug":"test-de-intolerancia-alimentaria-consultas-de-nutricion","status":"publish","type":"product","link":"https:\/\/centrosdotorvalle.es\/?product=test-de-intolerancia-alimentaria-consultas-de-nutricion","title":{"rendered":"TEST DE INTOLERANCIA ALIMENTARIA + CONSULTAS DE NUTRICI\u00d3N."},"content":{"rendered":"<p>El objetivo es asesorar con consejos nutricionales personalizados con el fin actuar en el \u00e1mbito de la diet\u00e9tica y la medicina preventiva ocup\u00e1ndonos\u00a0<strong>DEL SOBREPESO, OBESIDAD Y OBESIDAD MORBIDA<\/strong>\u00a0y personalizada evitando la aparici\u00f3n de enfermedades relacionadas o derivadas de una nutrici\u00f3n no saludable o inadecuada.<br \/>\nLa carga gen\u00e9tica de cada persona es diferente. Por esto PERSONALIZANDO Y EVITANDO los mismos nutrientes nos afectan de forma diferente y se digieren de forma distinta en cada individuo.<\/p>\n<p>La dieta afecta en gran medida al estado \u00f3ptimo del individuo cuya alteraci\u00f3n puede verse reflejada con la aparici\u00f3n de numerosas enfermedades desde enfermedades cardiovasculares hasta enfermedades METAB\u00d3LICAS.<\/p>\n<p>Con estos TEST GEN\u00c9TICOS llegaremos a conocer la predisposici\u00f3n gen\u00e9tica que tiene una persona a la obesidad, sobrepeso y la tendencia a sufrir determinadas dolencias o enfermedades que est\u00e1n \u00edntimamente ligadas con la alimentaci\u00f3n y metabolismo. Al mismo tiempo, permite saber qu\u00e9 alimentos te engordan m\u00e1s y cu\u00e1les podemos considerar m\u00e1s sanos para nuestro organismo. Incluso conocer la frecuencia con la que los debemos ingerirlos.<br \/>\nEste test gen\u00e9tico para dietas tambi\u00e9n nos va a permitir conocer con exactitud qu\u00e9 h\u00e1bitos debemos incorporar a nuestra vida para poder adelgazar para siempre y sin tener efectos rebote.<\/p>\n<p>EL ADN tan solo es necesario que lo realicemos una vez en nuestra vida. El estudio de los genes tambi\u00e9n es \u00fatil para aquellos supuestos en los que estos influyen en la efectividad o no de determinadas dietas de adelgazamiento. Es decir, nos proporciona la mejor informaci\u00f3n para que podamos combatir la obesidad. El test tambi\u00e9n nos va ofrecer la informaci\u00f3n necesaria para retrasar o prevenir la obesidad o la diabetes entre otras muchas cosas. De hecho, casi la mitad de las diabetes diagnosticadas tienen como factor desencadenante al sobrepeso o la obesidad.<\/p>\n","protected":false},"excerpt":{"rendered":"<p>El objetivo es asesorar con consejos nutricionales personalizados con el fin actuar en el \u00e1mbito de la diet\u00e9tica y la medicina preventiva ocup\u00e1ndonos\u00a0DEL SOBREPESO, OBESIDAD Y OBESIDAD MORBIDA\u00a0y personalizada evitando la aparici\u00f3n de enfermedades relacionadas o derivadas de una nutrici\u00f3n no saludable o inadecuada. La carga gen\u00e9tica de cada persona es diferente. Por esto PERSONALIZANDO [&hellip;]<\/p>\n","protected":false},"featured_media":559,"comment_status":"open","ping_status":"closed","template":"","meta":[],"product_brand":[],"product_cat":[15],"product_tag":[],"class_list":{"0":"post-558","1":"product","2":"type-product","3":"status-publish","4":"has-post-thumbnail","6":"product_cat-test","8":"first","9":"instock","10":"taxable","11":"shipping-taxable","12":"purchasable","13":"product-type-simple"},"yoast_head":"<!-- This site is optimized with the Yoast SEO plugin v24.7 - https:\/\/yoast.com\/wordpress\/plugins\/seo\/ -->\n<title>TEST DE INTOLERANCIA ALIMENTARIA + CONSULTAS DE NUTRICI\u00d3N. - Centrosdotorvalle<\/title>\n<meta name=\"robots\" content=\"index, follow, max-snippet:-1, max-image-preview:large, max-video-preview:-1\" \/>\n<link rel=\"canonical\" href=\"https:\/\/centrosdotorvalle.es\/producto\/test-de-intolerancia-alimentaria-consultas-de-nutricion\/\" \/>\n<meta property=\"og:locale\" content=\"es_ES\" \/>\n<meta property=\"og:type\" content=\"article\" \/>\n<meta property=\"og:title\" content=\"TEST DE INTOLERANCIA ALIMENTARIA + CONSULTAS DE NUTRICI\u00d3N. - Centrosdotorvalle\" \/>\n<meta property=\"og:description\" content=\"El objetivo es asesorar con consejos nutricionales personalizados con el fin actuar en el \u00e1mbito de la diet\u00e9tica y la medicina preventiva ocup\u00e1ndonos\u00a0DEL SOBREPESO, OBESIDAD Y OBESIDAD MORBIDA\u00a0y personalizada evitando la aparici\u00f3n de enfermedades relacionadas o derivadas de una nutrici\u00f3n no saludable o inadecuada. La carga gen\u00e9tica de cada persona es diferente. Por esto PERSONALIZANDO [&hellip;]\" \/>\n<meta property=\"og:url\" content=\"https:\/\/centrosdotorvalle.es\/producto\/test-de-intolerancia-alimentaria-consultas-de-nutricion\/\" \/>\n<meta property=\"og:site_name\" content=\"Centrosdotorvalle\" \/>\n<meta property=\"article:modified_time\" content=\"2024-05-24T22:57:08+00:00\" \/>\n<meta property=\"og:image\" content=\"https:\/\/centrosdotorvalle.es\/wp-content\/uploads\/2024\/05\/Diseno-sin-titulo-37.jpg\" \/>\n\t<meta property=\"og:image:width\" content=\"600\" \/>\n\t<meta property=\"og:image:height\" content=\"450\" \/>\n\t<meta property=\"og:image:type\" content=\"image\/jpeg\" \/>\n<meta name=\"twitter:card\" content=\"summary_large_image\" \/>\n<meta name=\"twitter:label1\" content=\"Tiempo de lectura\" \/>\n\t<meta name=\"twitter:data1\" content=\"2 minutos\" \/>\n<script type=\"application\/ld+json\" class=\"yoast-schema-graph\">{\"@context\":\"https:\/\/schema.org\",\"@graph\":[{\"@type\":\"WebPage\",\"@id\":\"https:\/\/centrosdotorvalle.es\/producto\/test-de-intolerancia-alimentaria-consultas-de-nutricion\/\",\"url\":\"https:\/\/centrosdotorvalle.es\/producto\/test-de-intolerancia-alimentaria-consultas-de-nutricion\/\",\"name\":\"TEST DE INTOLERANCIA ALIMENTARIA + CONSULTAS DE NUTRICI\u00d3N. - Centrosdotorvalle\",\"isPartOf\":{\"@id\":\"https:\/\/centrosdotorvalle.es\/#website\"},\"primaryImageOfPage\":{\"@id\":\"https:\/\/centrosdotorvalle.es\/producto\/test-de-intolerancia-alimentaria-consultas-de-nutricion\/#primaryimage\"},\"image\":{\"@id\":\"https:\/\/centrosdotorvalle.es\/producto\/test-de-intolerancia-alimentaria-consultas-de-nutricion\/#primaryimage\"},\"thumbnailUrl\":\"https:\/\/centrosdotorvalle.es\/wp-content\/uploads\/2024\/05\/Diseno-sin-titulo-37.jpg\",\"datePublished\":\"2024-05-24T22:55:55+00:00\",\"dateModified\":\"2024-05-24T22:57:08+00:00\",\"breadcrumb\":{\"@id\":\"https:\/\/centrosdotorvalle.es\/producto\/test-de-intolerancia-alimentaria-consultas-de-nutricion\/#breadcrumb\"},\"inLanguage\":\"es\",\"potentialAction\":[{\"@type\":\"ReadAction\",\"target\":[\"https:\/\/centrosdotorvalle.es\/producto\/test-de-intolerancia-alimentaria-consultas-de-nutricion\/\"]}]},{\"@type\":\"ImageObject\",\"inLanguage\":\"es\",\"@id\":\"https:\/\/centrosdotorvalle.es\/producto\/test-de-intolerancia-alimentaria-consultas-de-nutricion\/#primaryimage\",\"url\":\"https:\/\/centrosdotorvalle.es\/wp-content\/uploads\/2024\/05\/Diseno-sin-titulo-37.jpg\",\"contentUrl\":\"https:\/\/centrosdotorvalle.es\/wp-content\/uploads\/2024\/05\/Diseno-sin-titulo-37.jpg\",\"width\":600,\"height\":450,\"caption\":\"xr:d:DAF5NxBeZoI:4,j:2373811756619745763,t:24010715\"},{\"@type\":\"BreadcrumbList\",\"@id\":\"https:\/\/centrosdotorvalle.es\/producto\/test-de-intolerancia-alimentaria-consultas-de-nutricion\/#breadcrumb\",\"itemListElement\":[{\"@type\":\"ListItem\",\"position\":1,\"name\":\"Portada\",\"item\":\"https:\/\/centrosdotorvalle.es\/\"},{\"@type\":\"ListItem\",\"position\":2,\"name\":\"Tienda\",\"item\":\"https:\/\/centrosdotorvalle.es\/?page_id=7\"},{\"@type\":\"ListItem\",\"position\":3,\"name\":\"TEST DE INTOLERANCIA ALIMENTARIA + CONSULTAS DE NUTRICI\u00d3N.\"}]},{\"@type\":\"WebSite\",\"@id\":\"https:\/\/centrosdotorvalle.es\/#website\",\"url\":\"https:\/\/centrosdotorvalle.es\/\",\"name\":\"Centrosdotorvalle\",\"description\":\"\",\"publisher\":{\"@id\":\"https:\/\/centrosdotorvalle.es\/#organization\"},\"potentialAction\":[{\"@type\":\"SearchAction\",\"target\":{\"@type\":\"EntryPoint\",\"urlTemplate\":\"https:\/\/centrosdotorvalle.es\/?s={search_term_string}\"},\"query-input\":{\"@type\":\"PropertyValueSpecification\",\"valueRequired\":true,\"valueName\":\"search_term_string\"}}],\"inLanguage\":\"es\"},{\"@type\":\"Organization\",\"@id\":\"https:\/\/centrosdotorvalle.es\/#organization\",\"name\":\"Centrosdotorvalle\",\"url\":\"https:\/\/centrosdotorvalle.es\/\",\"logo\":{\"@type\":\"ImageObject\",\"inLanguage\":\"es\",\"@id\":\"https:\/\/centrosdotorvalle.es\/#\/schema\/logo\/image\/\",\"url\":\"https:\/\/centrosdotorvalle.es\/wp-content\/uploads\/2024\/05\/logo-dotorvalle.jpg\",\"contentUrl\":\"https:\/\/centrosdotorvalle.es\/wp-content\/uploads\/2024\/05\/logo-dotorvalle.jpg\",\"width\":640,\"height\":212,\"caption\":\"Centrosdotorvalle\"},\"image\":{\"@id\":\"https:\/\/centrosdotorvalle.es\/#\/schema\/logo\/image\/\"}}]}<\/script>\n<!-- \/ Yoast SEO plugin. -->","yoast_head_json":{"title":"TEST DE INTOLERANCIA ALIMENTARIA + CONSULTAS DE NUTRICI\u00d3N. - Centrosdotorvalle","robots":{"index":"index","follow":"follow","max-snippet":"max-snippet:-1","max-image-preview":"max-image-preview:large","max-video-preview":"max-video-preview:-1"},"canonical":"https:\/\/centrosdotorvalle.es\/producto\/test-de-intolerancia-alimentaria-consultas-de-nutricion\/","og_locale":"es_ES","og_type":"article","og_title":"TEST DE INTOLERANCIA ALIMENTARIA + CONSULTAS DE NUTRICI\u00d3N. - Centrosdotorvalle","og_description":"El objetivo es asesorar con consejos nutricionales personalizados con el fin actuar en el \u00e1mbito de la diet\u00e9tica y la medicina preventiva ocup\u00e1ndonos\u00a0DEL SOBREPESO, OBESIDAD Y OBESIDAD MORBIDA\u00a0y personalizada evitando la aparici\u00f3n de enfermedades relacionadas o derivadas de una nutrici\u00f3n no saludable o inadecuada. La carga gen\u00e9tica de cada persona es diferente. Por esto PERSONALIZANDO [&hellip;]","og_url":"https:\/\/centrosdotorvalle.es\/producto\/test-de-intolerancia-alimentaria-consultas-de-nutricion\/","og_site_name":"Centrosdotorvalle","article_modified_time":"2024-05-24T22:57:08+00:00","og_image":[{"width":600,"height":450,"url":"https:\/\/centrosdotorvalle.es\/wp-content\/uploads\/2024\/05\/Diseno-sin-titulo-37.jpg","type":"image\/jpeg"}],"twitter_card":"summary_large_image","twitter_misc":{"Tiempo de lectura":"2 minutos"},"schema":{"@context":"https:\/\/schema.org","@graph":[{"@type":"WebPage","@id":"https:\/\/centrosdotorvalle.es\/producto\/test-de-intolerancia-alimentaria-consultas-de-nutricion\/","url":"https:\/\/centrosdotorvalle.es\/producto\/test-de-intolerancia-alimentaria-consultas-de-nutricion\/","name":"TEST DE INTOLERANCIA ALIMENTARIA + CONSULTAS DE NUTRICI\u00d3N. - Centrosdotorvalle","isPartOf":{"@id":"https:\/\/centrosdotorvalle.es\/#website"},"primaryImageOfPage":{"@id":"https:\/\/centrosdotorvalle.es\/producto\/test-de-intolerancia-alimentaria-consultas-de-nutricion\/#primaryimage"},"image":{"@id":"https:\/\/centrosdotorvalle.es\/producto\/test-de-intolerancia-alimentaria-consultas-de-nutricion\/#primaryimage"},"thumbnailUrl":"https:\/\/centrosdotorvalle.es\/wp-content\/uploads\/2024\/05\/Diseno-sin-titulo-37.jpg","datePublished":"2024-05-24T22:55:55+00:00","dateModified":"2024-05-24T22:57:08+00:00","breadcrumb":{"@id":"https:\/\/centrosdotorvalle.es\/producto\/test-de-intolerancia-alimentaria-consultas-de-nutricion\/#breadcrumb"},"inLanguage":"es","potentialAction":[{"@type":"ReadAction","target":["https:\/\/centrosdotorvalle.es\/producto\/test-de-intolerancia-alimentaria-consultas-de-nutricion\/"]}]},{"@type":"ImageObject","inLanguage":"es","@id":"https:\/\/centrosdotorvalle.es\/producto\/test-de-intolerancia-alimentaria-consultas-de-nutricion\/#primaryimage","url":"https:\/\/centrosdotorvalle.es\/wp-content\/uploads\/2024\/05\/Diseno-sin-titulo-37.jpg","contentUrl":"https:\/\/centrosdotorvalle.es\/wp-content\/uploads\/2024\/05\/Diseno-sin-titulo-37.jpg","width":600,"height":450,"caption":"xr:d:DAF5NxBeZoI:4,j:2373811756619745763,t:24010715"},{"@type":"BreadcrumbList","@id":"https:\/\/centrosdotorvalle.es\/producto\/test-de-intolerancia-alimentaria-consultas-de-nutricion\/#breadcrumb","itemListElement":[{"@type":"ListItem","position":1,"name":"Portada","item":"https:\/\/centrosdotorvalle.es\/"},{"@type":"ListItem","position":2,"name":"Tienda","item":"https:\/\/centrosdotorvalle.es\/?page_id=7"},{"@type":"ListItem","position":3,"name":"TEST DE INTOLERANCIA ALIMENTARIA + CONSULTAS DE NUTRICI\u00d3N."}]},{"@type":"WebSite","@id":"https:\/\/centrosdotorvalle.es\/#website","url":"https:\/\/centrosdotorvalle.es\/","name":"Centrosdotorvalle","description":"","publisher":{"@id":"https:\/\/centrosdotorvalle.es\/#organization"},"potentialAction":[{"@type":"SearchAction","target":{"@type":"EntryPoint","urlTemplate":"https:\/\/centrosdotorvalle.es\/?s={search_term_string}"},"query-input":{"@type":"PropertyValueSpecification","valueRequired":true,"valueName":"search_term_string"}}],"inLanguage":"es"},{"@type":"Organization","@id":"https:\/\/centrosdotorvalle.es\/#organization","name":"Centrosdotorvalle","url":"https:\/\/centrosdotorvalle.es\/","logo":{"@type":"ImageObject","inLanguage":"es","@id":"https:\/\/centrosdotorvalle.es\/#\/schema\/logo\/image\/","url":"https:\/\/centrosdotorvalle.es\/wp-content\/uploads\/2024\/05\/logo-dotorvalle.jpg","contentUrl":"https:\/\/centrosdotorvalle.es\/wp-content\/uploads\/2024\/05\/logo-dotorvalle.jpg","width":640,"height":212,"caption":"Centrosdotorvalle"},"image":{"@id":"https:\/\/centrosdotorvalle.es\/#\/schema\/logo\/image\/"}}]}},"_links":{"self":[{"href":"https:\/\/centrosdotorvalle.es\/index.php?rest_route=\/wp\/v2\/product\/558","targetHints":{"allow":["GET"]}}],"collection":[{"href":"https:\/\/centrosdotorvalle.es\/index.php?rest_route=\/wp\/v2\/product"}],"about":[{"href":"https:\/\/centrosdotorvalle.es\/index.php?rest_route=\/wp\/v2\/types\/product"}],"replies":[{"embeddable":true,"href":"https:\/\/centrosdotorvalle.es\/index.php?rest_route=%2Fwp%2Fv2%2Fcomments&post=558"}],"wp:featuredmedia":[{"embeddable":true,"href":"https:\/\/centrosdotorvalle.es\/index.php?rest_route=\/wp\/v2\/media\/559"}],"wp:attachment":[{"href":"https:\/\/centrosdotorvalle.es\/index.php?rest_route=%2Fwp%2Fv2%2Fmedia&parent=558"}],"wp:term":[{"taxonomy":"product_brand","embeddable":true,"href":"https:\/\/centrosdotorvalle.es\/index.php?rest_route=%2Fwp%2Fv2%2Fproduct_brand&post=558"},{"taxonomy":"product_cat","embeddable":true,"href":"https:\/\/centrosdotorvalle.es\/index.php?rest_route=%2Fwp%2Fv2%2Fproduct_cat&post=558"},{"taxonomy":"product_tag","embeddable":true,"href":"https:\/\/centrosdotorvalle.es\/index.php?rest_route=%2Fwp%2Fv2%2Fproduct_tag&post=558"}],"curies":[{"name":"wp","href":"https:\/\/api.w.org\/{rel}","templated":true}]}}