{"id":546,"date":"2024-05-24T22:46:01","date_gmt":"2024-05-24T22:46:01","guid":{"rendered":"https:\/\/centrosdotorvalle.es\/?post_type=product&#038;p=546"},"modified":"2024-05-24T22:49:45","modified_gmt":"2024-05-24T22:49:45","slug":"test-genetico-de-una-sola-enfermedad","status":"publish","type":"product","link":"https:\/\/centrosdotorvalle.es\/?product=test-genetico-de-una-sola-enfermedad","title":{"rendered":"TEST GEN\u00c9TICO DE UNA SOLA ENFERMEDAD."},"content":{"rendered":"<p>A trav\u00e9s de una muestra de sangre o saliva en nuestra Cl\u00ednica podremos secuenciar su genoma para detectar su predisposici\u00f3n a futuras enfermedades.<\/p>\n<p>Si lo prefiere le enviaremos a su domicilio un kit para recoger una muestra de saliva y de esta manera no tendr\u00e1 que acudir a la Cl\u00ednica para realizarse el test gen\u00e9tico.<\/p>\n<p>EL ADN tan solo es necesario que lo realicemos una vez en nuestra vida.<\/p>\n<p>El estudio de los genes tambi\u00e9n es \u00fatil para aquellos supuestos en los que estos influyen en la efectividad o no de determinadas dietas de adelgazamiento. Es decir, nos proporciona la mejor informaci\u00f3n para que podamos combatir la obesidad.<\/p>\n<p>El test tambi\u00e9n nos va ofrecer la informaci\u00f3n necesaria para retrasar o prevenir la obesidad o la diabetes entre otras muchas cosas. De hecho, casi la mitad de las diabetes diagnosticadas tienen como factor desencadenante al sobrepeso o la obesidad.<\/p>\n<p>Es este sentido, un an\u00e1lisis nutrigen\u00e9tico avanzado puede llegar a ser una herramienta realmente \u00fatil. El mismo consiste la elaboraci\u00f3n de una plan adecuado para cada persona en base a las caracter\u00edsticas fenot\u00edpicas (altura. IMC. grasa. peso. etc) y antropom\u00e9tricas, as\u00ed como su alimentaci\u00f3n, ejercicio f\u00edsico, estado fisiopatol\u00f3gico y c\u00f3digo gen\u00e9tico. Y es que aunque los genes no son los causantes directos de las enfermedades pero s\u00ed que nos predisponen a ella.<\/p>\n","protected":false},"excerpt":{"rendered":"<p>A trav\u00e9s de una muestra de sangre o saliva en nuestra Cl\u00ednica podremos secuenciar su genoma para detectar su predisposici\u00f3n a futuras enfermedades. Si lo prefiere le enviaremos a su domicilio un kit para recoger una muestra de saliva y de esta manera no tendr\u00e1 que acudir a la Cl\u00ednica para realizarse el test gen\u00e9tico. [&hellip;]<\/p>\n","protected":false},"featured_media":547,"comment_status":"open","ping_status":"closed","template":"","meta":[],"product_brand":[],"product_cat":[15],"product_tag":[],"class_list":{"0":"post-546","1":"product","2":"type-product","3":"status-publish","4":"has-post-thumbnail","6":"product_cat-test","8":"first","9":"instock","10":"taxable","11":"shipping-taxable","12":"purchasable","13":"product-type-simple"},"yoast_head":"<!-- This site is optimized with the Yoast SEO plugin v24.7 - https:\/\/yoast.com\/wordpress\/plugins\/seo\/ -->\n<title>TEST GEN\u00c9TICO DE UNA SOLA ENFERMEDAD. - Centrosdotorvalle<\/title>\n<meta name=\"robots\" content=\"index, follow, max-snippet:-1, max-image-preview:large, max-video-preview:-1\" \/>\n<link rel=\"canonical\" href=\"https:\/\/centrosdotorvalle.es\/producto\/test-genetico-de-una-sola-enfermedad\/\" \/>\n<meta property=\"og:locale\" content=\"es_ES\" \/>\n<meta property=\"og:type\" content=\"article\" \/>\n<meta property=\"og:title\" content=\"TEST GEN\u00c9TICO DE UNA SOLA ENFERMEDAD. - Centrosdotorvalle\" \/>\n<meta property=\"og:description\" content=\"A trav\u00e9s de una muestra de sangre o saliva en nuestra Cl\u00ednica podremos secuenciar su genoma para detectar su predisposici\u00f3n a futuras enfermedades. Si lo prefiere le enviaremos a su domicilio un kit para recoger una muestra de saliva y de esta manera no tendr\u00e1 que acudir a la Cl\u00ednica para realizarse el test gen\u00e9tico. [&hellip;]\" \/>\n<meta property=\"og:url\" content=\"https:\/\/centrosdotorvalle.es\/producto\/test-genetico-de-una-sola-enfermedad\/\" \/>\n<meta property=\"og:site_name\" content=\"Centrosdotorvalle\" \/>\n<meta property=\"article:modified_time\" content=\"2024-05-24T22:49:45+00:00\" \/>\n<meta property=\"og:image\" content=\"https:\/\/centrosdotorvalle.es\/wp-content\/uploads\/2024\/05\/2-2-scaled-1.jpg\" \/>\n\t<meta property=\"og:image:width\" content=\"2560\" \/>\n\t<meta property=\"og:image:height\" content=\"1707\" \/>\n\t<meta property=\"og:image:type\" content=\"image\/jpeg\" \/>\n<meta name=\"twitter:card\" content=\"summary_large_image\" \/>\n<meta name=\"twitter:label1\" content=\"Tiempo de lectura\" \/>\n\t<meta name=\"twitter:data1\" content=\"2 minutos\" \/>\n<script type=\"application\/ld+json\" class=\"yoast-schema-graph\">{\"@context\":\"https:\/\/schema.org\",\"@graph\":[{\"@type\":\"WebPage\",\"@id\":\"https:\/\/centrosdotorvalle.es\/producto\/test-genetico-de-una-sola-enfermedad\/\",\"url\":\"https:\/\/centrosdotorvalle.es\/producto\/test-genetico-de-una-sola-enfermedad\/\",\"name\":\"TEST GEN\u00c9TICO DE UNA SOLA ENFERMEDAD. - Centrosdotorvalle\",\"isPartOf\":{\"@id\":\"https:\/\/centrosdotorvalle.es\/#website\"},\"primaryImageOfPage\":{\"@id\":\"https:\/\/centrosdotorvalle.es\/producto\/test-genetico-de-una-sola-enfermedad\/#primaryimage\"},\"image\":{\"@id\":\"https:\/\/centrosdotorvalle.es\/producto\/test-genetico-de-una-sola-enfermedad\/#primaryimage\"},\"thumbnailUrl\":\"https:\/\/centrosdotorvalle.es\/wp-content\/uploads\/2024\/05\/2-2-scaled-1.jpg\",\"datePublished\":\"2024-05-24T22:46:01+00:00\",\"dateModified\":\"2024-05-24T22:49:45+00:00\",\"breadcrumb\":{\"@id\":\"https:\/\/centrosdotorvalle.es\/producto\/test-genetico-de-una-sola-enfermedad\/#breadcrumb\"},\"inLanguage\":\"es\",\"potentialAction\":[{\"@type\":\"ReadAction\",\"target\":[\"https:\/\/centrosdotorvalle.es\/producto\/test-genetico-de-una-sola-enfermedad\/\"]}]},{\"@type\":\"ImageObject\",\"inLanguage\":\"es\",\"@id\":\"https:\/\/centrosdotorvalle.es\/producto\/test-genetico-de-una-sola-enfermedad\/#primaryimage\",\"url\":\"https:\/\/centrosdotorvalle.es\/wp-content\/uploads\/2024\/05\/2-2-scaled-1.jpg\",\"contentUrl\":\"https:\/\/centrosdotorvalle.es\/wp-content\/uploads\/2024\/05\/2-2-scaled-1.jpg\",\"width\":2560,\"height\":1707},{\"@type\":\"BreadcrumbList\",\"@id\":\"https:\/\/centrosdotorvalle.es\/producto\/test-genetico-de-una-sola-enfermedad\/#breadcrumb\",\"itemListElement\":[{\"@type\":\"ListItem\",\"position\":1,\"name\":\"Portada\",\"item\":\"https:\/\/centrosdotorvalle.es\/\"},{\"@type\":\"ListItem\",\"position\":2,\"name\":\"Tienda\",\"item\":\"https:\/\/centrosdotorvalle.es\/?page_id=7\"},{\"@type\":\"ListItem\",\"position\":3,\"name\":\"TEST GEN\u00c9TICO DE UNA SOLA ENFERMEDAD.\"}]},{\"@type\":\"WebSite\",\"@id\":\"https:\/\/centrosdotorvalle.es\/#website\",\"url\":\"https:\/\/centrosdotorvalle.es\/\",\"name\":\"Centrosdotorvalle\",\"description\":\"\",\"publisher\":{\"@id\":\"https:\/\/centrosdotorvalle.es\/#organization\"},\"potentialAction\":[{\"@type\":\"SearchAction\",\"target\":{\"@type\":\"EntryPoint\",\"urlTemplate\":\"https:\/\/centrosdotorvalle.es\/?s={search_term_string}\"},\"query-input\":{\"@type\":\"PropertyValueSpecification\",\"valueRequired\":true,\"valueName\":\"search_term_string\"}}],\"inLanguage\":\"es\"},{\"@type\":\"Organization\",\"@id\":\"https:\/\/centrosdotorvalle.es\/#organization\",\"name\":\"Centrosdotorvalle\",\"url\":\"https:\/\/centrosdotorvalle.es\/\",\"logo\":{\"@type\":\"ImageObject\",\"inLanguage\":\"es\",\"@id\":\"https:\/\/centrosdotorvalle.es\/#\/schema\/logo\/image\/\",\"url\":\"https:\/\/centrosdotorvalle.es\/wp-content\/uploads\/2024\/05\/logo-dotorvalle.jpg\",\"contentUrl\":\"https:\/\/centrosdotorvalle.es\/wp-content\/uploads\/2024\/05\/logo-dotorvalle.jpg\",\"width\":640,\"height\":212,\"caption\":\"Centrosdotorvalle\"},\"image\":{\"@id\":\"https:\/\/centrosdotorvalle.es\/#\/schema\/logo\/image\/\"}}]}<\/script>\n<!-- \/ Yoast SEO plugin. -->","yoast_head_json":{"title":"TEST GEN\u00c9TICO DE UNA SOLA ENFERMEDAD. - Centrosdotorvalle","robots":{"index":"index","follow":"follow","max-snippet":"max-snippet:-1","max-image-preview":"max-image-preview:large","max-video-preview":"max-video-preview:-1"},"canonical":"https:\/\/centrosdotorvalle.es\/producto\/test-genetico-de-una-sola-enfermedad\/","og_locale":"es_ES","og_type":"article","og_title":"TEST GEN\u00c9TICO DE UNA SOLA ENFERMEDAD. - Centrosdotorvalle","og_description":"A trav\u00e9s de una muestra de sangre o saliva en nuestra Cl\u00ednica podremos secuenciar su genoma para detectar su predisposici\u00f3n a futuras enfermedades. Si lo prefiere le enviaremos a su domicilio un kit para recoger una muestra de saliva y de esta manera no tendr\u00e1 que acudir a la Cl\u00ednica para realizarse el test gen\u00e9tico. [&hellip;]","og_url":"https:\/\/centrosdotorvalle.es\/producto\/test-genetico-de-una-sola-enfermedad\/","og_site_name":"Centrosdotorvalle","article_modified_time":"2024-05-24T22:49:45+00:00","og_image":[{"width":2560,"height":1707,"url":"https:\/\/centrosdotorvalle.es\/wp-content\/uploads\/2024\/05\/2-2-scaled-1.jpg","type":"image\/jpeg"}],"twitter_card":"summary_large_image","twitter_misc":{"Tiempo de lectura":"2 minutos"},"schema":{"@context":"https:\/\/schema.org","@graph":[{"@type":"WebPage","@id":"https:\/\/centrosdotorvalle.es\/producto\/test-genetico-de-una-sola-enfermedad\/","url":"https:\/\/centrosdotorvalle.es\/producto\/test-genetico-de-una-sola-enfermedad\/","name":"TEST GEN\u00c9TICO DE UNA SOLA ENFERMEDAD. - Centrosdotorvalle","isPartOf":{"@id":"https:\/\/centrosdotorvalle.es\/#website"},"primaryImageOfPage":{"@id":"https:\/\/centrosdotorvalle.es\/producto\/test-genetico-de-una-sola-enfermedad\/#primaryimage"},"image":{"@id":"https:\/\/centrosdotorvalle.es\/producto\/test-genetico-de-una-sola-enfermedad\/#primaryimage"},"thumbnailUrl":"https:\/\/centrosdotorvalle.es\/wp-content\/uploads\/2024\/05\/2-2-scaled-1.jpg","datePublished":"2024-05-24T22:46:01+00:00","dateModified":"2024-05-24T22:49:45+00:00","breadcrumb":{"@id":"https:\/\/centrosdotorvalle.es\/producto\/test-genetico-de-una-sola-enfermedad\/#breadcrumb"},"inLanguage":"es","potentialAction":[{"@type":"ReadAction","target":["https:\/\/centrosdotorvalle.es\/producto\/test-genetico-de-una-sola-enfermedad\/"]}]},{"@type":"ImageObject","inLanguage":"es","@id":"https:\/\/centrosdotorvalle.es\/producto\/test-genetico-de-una-sola-enfermedad\/#primaryimage","url":"https:\/\/centrosdotorvalle.es\/wp-content\/uploads\/2024\/05\/2-2-scaled-1.jpg","contentUrl":"https:\/\/centrosdotorvalle.es\/wp-content\/uploads\/2024\/05\/2-2-scaled-1.jpg","width":2560,"height":1707},{"@type":"BreadcrumbList","@id":"https:\/\/centrosdotorvalle.es\/producto\/test-genetico-de-una-sola-enfermedad\/#breadcrumb","itemListElement":[{"@type":"ListItem","position":1,"name":"Portada","item":"https:\/\/centrosdotorvalle.es\/"},{"@type":"ListItem","position":2,"name":"Tienda","item":"https:\/\/centrosdotorvalle.es\/?page_id=7"},{"@type":"ListItem","position":3,"name":"TEST GEN\u00c9TICO DE UNA SOLA ENFERMEDAD."}]},{"@type":"WebSite","@id":"https:\/\/centrosdotorvalle.es\/#website","url":"https:\/\/centrosdotorvalle.es\/","name":"Centrosdotorvalle","description":"","publisher":{"@id":"https:\/\/centrosdotorvalle.es\/#organization"},"potentialAction":[{"@type":"SearchAction","target":{"@type":"EntryPoint","urlTemplate":"https:\/\/centrosdotorvalle.es\/?s={search_term_string}"},"query-input":{"@type":"PropertyValueSpecification","valueRequired":true,"valueName":"search_term_string"}}],"inLanguage":"es"},{"@type":"Organization","@id":"https:\/\/centrosdotorvalle.es\/#organization","name":"Centrosdotorvalle","url":"https:\/\/centrosdotorvalle.es\/","logo":{"@type":"ImageObject","inLanguage":"es","@id":"https:\/\/centrosdotorvalle.es\/#\/schema\/logo\/image\/","url":"https:\/\/centrosdotorvalle.es\/wp-content\/uploads\/2024\/05\/logo-dotorvalle.jpg","contentUrl":"https:\/\/centrosdotorvalle.es\/wp-content\/uploads\/2024\/05\/logo-dotorvalle.jpg","width":640,"height":212,"caption":"Centrosdotorvalle"},"image":{"@id":"https:\/\/centrosdotorvalle.es\/#\/schema\/logo\/image\/"}}]}},"_links":{"self":[{"href":"https:\/\/centrosdotorvalle.es\/index.php?rest_route=\/wp\/v2\/product\/546","targetHints":{"allow":["GET"]}}],"collection":[{"href":"https:\/\/centrosdotorvalle.es\/index.php?rest_route=\/wp\/v2\/product"}],"about":[{"href":"https:\/\/centrosdotorvalle.es\/index.php?rest_route=\/wp\/v2\/types\/product"}],"replies":[{"embeddable":true,"href":"https:\/\/centrosdotorvalle.es\/index.php?rest_route=%2Fwp%2Fv2%2Fcomments&post=546"}],"wp:featuredmedia":[{"embeddable":true,"href":"https:\/\/centrosdotorvalle.es\/index.php?rest_route=\/wp\/v2\/media\/547"}],"wp:attachment":[{"href":"https:\/\/centrosdotorvalle.es\/index.php?rest_route=%2Fwp%2Fv2%2Fmedia&parent=546"}],"wp:term":[{"taxonomy":"product_brand","embeddable":true,"href":"https:\/\/centrosdotorvalle.es\/index.php?rest_route=%2Fwp%2Fv2%2Fproduct_brand&post=546"},{"taxonomy":"product_cat","embeddable":true,"href":"https:\/\/centrosdotorvalle.es\/index.php?rest_route=%2Fwp%2Fv2%2Fproduct_cat&post=546"},{"taxonomy":"product_tag","embeddable":true,"href":"https:\/\/centrosdotorvalle.es\/index.php?rest_route=%2Fwp%2Fv2%2Fproduct_tag&post=546"}],"curies":[{"name":"wp","href":"https:\/\/api.w.org\/{rel}","templated":true}]}}