{"id":531,"date":"2024-05-24T18:27:45","date_gmt":"2024-05-24T18:27:45","guid":{"rendered":"https:\/\/centrosdotorvalle.es\/?page_id=531"},"modified":"2024-10-21T11:32:50","modified_gmt":"2024-10-21T11:32:50","slug":"homeopatia","status":"publish","type":"page","link":"https:\/\/centrosdotorvalle.es\/?page_id=531","title":{"rendered":"Homeopat\u00eda"},"content":{"rendered":"\t\t<div data-elementor-type=\"wp-page\" data-elementor-id=\"531\" class=\"elementor elementor-531\" data-elementor-post-type=\"page\">\n\t\t\t\t\t\t<section class=\"elementor-section elementor-top-section elementor-element elementor-element-f168fa8 elementor-section-height-min-height elementor-section-boxed elementor-section-height-default elementor-section-items-middle\" data-id=\"f168fa8\" data-element_type=\"section\" data-settings=\"{&quot;background_background&quot;:&quot;classic&quot;}\">\n\t\t\t\t\t\t\t<div class=\"elementor-background-overlay\"><\/div>\n\t\t\t\t\t\t\t<div class=\"elementor-container elementor-column-gap-default\">\n\t\t\t\t\t<div class=\"elementor-column elementor-col-100 elementor-top-column elementor-element elementor-element-aff36e0\" data-id=\"aff36e0\" data-element_type=\"column\">\n\t\t\t<div class=\"elementor-widget-wrap elementor-element-populated\">\n\t\t\t\t\t\t<div class=\"elementor-element elementor-element-ab674fe elementor-invisible elementor-widget elementor-widget-heading\" data-id=\"ab674fe\" data-element_type=\"widget\" data-settings=\"{&quot;_animation&quot;:&quot;fadeInDown&quot;}\" data-widget_type=\"heading.default\">\n\t\t\t\t<div class=\"elementor-widget-container\">\n\t\t\t\t\t<h1 class=\"elementor-heading-title elementor-size-default\">HOMEOPAT\u00cdA<\/h1>\t\t\t\t<\/div>\n\t\t\t\t<\/div>\n\t\t\t\t\t<\/div>\n\t\t<\/div>\n\t\t\t\t\t<\/div>\n\t\t<\/section>\n\t\t\t\t<section class=\"elementor-section elementor-top-section elementor-element elementor-element-7ed1c0c elementor-section-height-min-height elementor-section-boxed elementor-section-height-default elementor-section-items-middle\" data-id=\"7ed1c0c\" data-element_type=\"section\" data-settings=\"{&quot;background_background&quot;:&quot;classic&quot;}\">\n\t\t\t\t\t\t\t<div class=\"elementor-background-overlay\"><\/div>\n\t\t\t\t\t\t\t<div class=\"elementor-container elementor-column-gap-default\">\n\t\t\t\t\t<div class=\"elementor-column elementor-col-100 elementor-top-column elementor-element elementor-element-94827fa\" data-id=\"94827fa\" data-element_type=\"column\">\n\t\t\t<div class=\"elementor-widget-wrap elementor-element-populated\">\n\t\t\t\t\t\t<div class=\"elementor-element elementor-element-48a3194 elementor-widget elementor-widget-heading\" data-id=\"48a3194\" data-element_type=\"widget\" data-widget_type=\"heading.default\">\n\t\t\t\t<div class=\"elementor-widget-container\">\n\t\t\t\t\t<h2 class=\"elementor-heading-title elementor-size-default\">Integrando Medicina Tradicional y Homeopat\u00eda para el Bienestar Integral<\/h2>\t\t\t\t<\/div>\n\t\t\t\t<\/div>\n\t\t\t\t<div class=\"elementor-element elementor-element-c386dc3 elementor-widget-divider--view-line elementor-widget elementor-widget-divider\" data-id=\"c386dc3\" data-element_type=\"widget\" data-widget_type=\"divider.default\">\n\t\t\t\t<div class=\"elementor-widget-container\">\n\t\t\t\t\t\t\t<div class=\"elementor-divider\">\n\t\t\t<span class=\"elementor-divider-separator\">\n\t\t\t\t\t\t<\/span>\n\t\t<\/div>\n\t\t\t\t\t\t<\/div>\n\t\t\t\t<\/div>\n\t\t\t\t<div class=\"elementor-element elementor-element-c954aa8 elementor-widget elementor-widget-text-editor\" data-id=\"c954aa8\" data-element_type=\"widget\" data-widget_type=\"text-editor.default\">\n\t\t\t\t<div class=\"elementor-widget-container\">\n\t\t\t\t\t\t\t\t\t<p>Las Medicinas Tradicionales del mundo definen la enfermedad, no como un proceso aleatorio que aparece por casualidad, sino como la p\u00e9rdida del equilibrio del cuerpo debido a diversos factores. Conocer dichos factores permite crear programas terap\u00e9uticos efectivos para promover la Salud a nivel f\u00edsico, emocional y mental por medio de la Homeopat\u00eda.<\/p><p>La Salud no es s\u00f3lo el cuerpo f\u00edsico. Nuestro entorno, nuestras emociones, los choques afectivos no procesados, la tristeza, la ira\u2026 pueden acabar afectando a nuestra fisiolog\u00eda. Desde la Medicina Integrativa se trata el cuerpo a nivel f\u00edsico, emocional y mental, como una unidad indivisible.<\/p>\t\t\t\t\t\t\t\t<\/div>\n\t\t\t\t<\/div>\n\t\t\t\t<section class=\"elementor-section elementor-inner-section elementor-element elementor-element-0c72a00 elementor-section-boxed elementor-section-height-default elementor-section-height-default\" data-id=\"0c72a00\" data-element_type=\"section\">\n\t\t\t\t\t\t<div class=\"elementor-container elementor-column-gap-default\">\n\t\t\t\t\t<div class=\"elementor-column elementor-col-50 elementor-inner-column elementor-element elementor-element-20ab83c\" data-id=\"20ab83c\" data-element_type=\"column\">\n\t\t\t<div class=\"elementor-widget-wrap elementor-element-populated\">\n\t\t\t\t\t\t<div class=\"elementor-element elementor-element-83dd955 elementor-widget elementor-widget-image\" data-id=\"83dd955\" data-element_type=\"widget\" data-widget_type=\"image.default\">\n\t\t\t\t<div class=\"elementor-widget-container\">\n\t\t\t\t\t\t\t\t\t\t\t\t\t\t\t<img fetchpriority=\"high\" decoding=\"async\" width=\"800\" height=\"806\" src=\"https:\/\/centrosdotorvalle.es\/wp-content\/uploads\/2024\/05\/WhatsApp-Image-2024-02-04-at-16.29.26-1016x1024.jpeg\" class=\"elementor-animation-hang attachment-large size-large wp-image-535\" alt=\"\" srcset=\"https:\/\/centrosdotorvalle.es\/wp-content\/uploads\/2024\/05\/WhatsApp-Image-2024-02-04-at-16.29.26-1016x1024.jpeg 1016w, https:\/\/centrosdotorvalle.es\/wp-content\/uploads\/2024\/05\/WhatsApp-Image-2024-02-04-at-16.29.26-298x300.jpeg 298w, https:\/\/centrosdotorvalle.es\/wp-content\/uploads\/2024\/05\/WhatsApp-Image-2024-02-04-at-16.29.26-150x150.jpeg 150w, https:\/\/centrosdotorvalle.es\/wp-content\/uploads\/2024\/05\/WhatsApp-Image-2024-02-04-at-16.29.26-768x774.jpeg 768w, https:\/\/centrosdotorvalle.es\/wp-content\/uploads\/2024\/05\/WhatsApp-Image-2024-02-04-at-16.29.26-600x605.jpeg 600w, https:\/\/centrosdotorvalle.es\/wp-content\/uploads\/2024\/05\/WhatsApp-Image-2024-02-04-at-16.29.26-100x100.jpeg 100w, https:\/\/centrosdotorvalle.es\/wp-content\/uploads\/2024\/05\/WhatsApp-Image-2024-02-04-at-16.29.26.jpeg 1141w\" sizes=\"(max-width: 800px) 100vw, 800px\" \/>\t\t\t\t\t\t\t\t\t\t\t\t\t\t\t<\/div>\n\t\t\t\t<\/div>\n\t\t\t\t\t<\/div>\n\t\t<\/div>\n\t\t\t\t<div class=\"elementor-column elementor-col-50 elementor-inner-column elementor-element elementor-element-3e02bd3\" data-id=\"3e02bd3\" data-element_type=\"column\" data-settings=\"{&quot;background_background&quot;:&quot;classic&quot;}\">\n\t\t\t<div class=\"elementor-widget-wrap elementor-element-populated\">\n\t\t\t\t\t\t<div class=\"elementor-element elementor-element-5eab3a8 elementor-widget elementor-widget-heading\" data-id=\"5eab3a8\" data-element_type=\"widget\" data-widget_type=\"heading.default\">\n\t\t\t\t<div class=\"elementor-widget-container\">\n\t\t\t\t\t<h2 class=\"elementor-heading-title elementor-size-default\">EN QU\u00c9 CONSISTE LA HOMEOPAT\u00cdA?<\/h2>\t\t\t\t<\/div>\n\t\t\t\t<\/div>\n\t\t\t\t<div class=\"elementor-element elementor-element-d3111ad elementor-widget elementor-widget-text-editor\" data-id=\"d3111ad\" data-element_type=\"widget\" data-widget_type=\"text-editor.default\">\n\t\t\t\t<div class=\"elementor-widget-container\">\n\t\t\t\t\t\t\t\t\t<p>Ninguna enfermedad es igual a otra porque ninguna persona es igual a otra.<br \/>La Homeopat\u00eda trata personas, no enfermedades y esto es literalmente cierto ya que los remedios son por una parte orientados al s\u00edntoma (no individualizados), pero adem\u00e1s se tiene en cuenta las caracter\u00edsticas distintivas de la propia persona, lo que se denomina en general el Terreno (basado en informaci\u00f3n f\u00edsica, comportamiento emocional, caracter\u00edsticas mentales e historial m\u00e9dico previo) que aporta un tratamiento individualizado que va m\u00e1s all\u00e1 de lo sintom\u00e1tico.<\/p>\t\t\t\t\t\t\t\t<\/div>\n\t\t\t\t<\/div>\n\t\t\t\t\t<\/div>\n\t\t<\/div>\n\t\t\t\t\t<\/div>\n\t\t<\/section>\n\t\t\t\t<section class=\"elementor-section elementor-inner-section elementor-element elementor-element-906a32f elementor-section-boxed elementor-section-height-default elementor-section-height-default\" data-id=\"906a32f\" data-element_type=\"section\">\n\t\t\t\t\t\t<div class=\"elementor-container elementor-column-gap-default\">\n\t\t\t\t\t<div class=\"elementor-column elementor-col-50 elementor-inner-column elementor-element elementor-element-9173efa\" data-id=\"9173efa\" data-element_type=\"column\" data-settings=\"{&quot;background_background&quot;:&quot;classic&quot;}\">\n\t\t\t<div class=\"elementor-widget-wrap elementor-element-populated\">\n\t\t\t\t\t\t<div class=\"elementor-element elementor-element-19fa170 elementor-widget elementor-widget-heading\" data-id=\"19fa170\" data-element_type=\"widget\" data-widget_type=\"heading.default\">\n\t\t\t\t<div class=\"elementor-widget-container\">\n\t\t\t\t\t<h2 class=\"elementor-heading-title elementor-size-default\">LA HOMEOPAT\u00cdA Y EL PRINCIPIO DE LOS SEMEJANTES Y LAS DOSIS INFINITESIMALES:<\/h2>\t\t\t\t<\/div>\n\t\t\t\t<\/div>\n\t\t\t\t<div class=\"elementor-element elementor-element-1754d82 elementor-widget elementor-widget-text-editor\" data-id=\"1754d82\" data-element_type=\"widget\" data-widget_type=\"text-editor.default\">\n\t\t\t\t<div class=\"elementor-widget-container\">\n\t\t\t\t\t\t\t\t\t<p>La homeopat\u00eda es un m\u00e9todo terap\u00e9utico que aplica cl\u00ednicamente el Fen\u00f3meno de similitud y que utiliza las sustancias medicamentosas en dosis infinitesimales. El fen\u00f3meno de similitud fue nombrado por Hip\u00f3crates, padre de la medicina en su aforismo:<\/p><p>\u201cLas mismas cosas que han provocado el mal, lo curan\u201d.<\/p><p>Habr\u00eda que esperar hasta 1790 para que un m\u00e9dico alem\u00e1n, el Dr. Christian Samuel Hanneman pudiera verificar la validez de esta afirmaci\u00f3n que solo se cumpl\u00eda si se usaba esa misma sustancia pero en dosis infinitesimales. Es decir postul\u00f3 que las sustancias medicamentosas a dosis infinitesimales son capaces de curar s\u00edntomas similares a los que pueden producir en dosis mayores.<\/p>\t\t\t\t\t\t\t\t<\/div>\n\t\t\t\t<\/div>\n\t\t\t\t\t<\/div>\n\t\t<\/div>\n\t\t\t\t<div class=\"elementor-column elementor-col-50 elementor-inner-column elementor-element elementor-element-771e2be\" data-id=\"771e2be\" data-element_type=\"column\">\n\t\t\t<div class=\"elementor-widget-wrap elementor-element-populated\">\n\t\t\t\t\t\t<div class=\"elementor-element elementor-element-bfbc21b elementor-widget elementor-widget-image\" data-id=\"bfbc21b\" data-element_type=\"widget\" data-widget_type=\"image.default\">\n\t\t\t\t<div class=\"elementor-widget-container\">\n\t\t\t\t\t\t\t\t\t\t\t\t\t\t\t<img decoding=\"async\" width=\"1170\" height=\"1035\" src=\"https:\/\/centrosdotorvalle.es\/wp-content\/uploads\/2024\/05\/WhatsApp-Image-2024-02-04-at-16.30.02.jpeg\" class=\"elementor-animation-hang attachment-full size-full wp-image-536\" alt=\"\" srcset=\"https:\/\/centrosdotorvalle.es\/wp-content\/uploads\/2024\/05\/WhatsApp-Image-2024-02-04-at-16.30.02.jpeg 1170w, https:\/\/centrosdotorvalle.es\/wp-content\/uploads\/2024\/05\/WhatsApp-Image-2024-02-04-at-16.30.02-300x265.jpeg 300w, https:\/\/centrosdotorvalle.es\/wp-content\/uploads\/2024\/05\/WhatsApp-Image-2024-02-04-at-16.30.02-1024x906.jpeg 1024w, https:\/\/centrosdotorvalle.es\/wp-content\/uploads\/2024\/05\/WhatsApp-Image-2024-02-04-at-16.30.02-768x679.jpeg 768w, https:\/\/centrosdotorvalle.es\/wp-content\/uploads\/2024\/05\/WhatsApp-Image-2024-02-04-at-16.30.02-600x531.jpeg 600w\" sizes=\"(max-width: 1170px) 100vw, 1170px\" \/>\t\t\t\t\t\t\t\t\t\t\t\t\t\t\t<\/div>\n\t\t\t\t<\/div>\n\t\t\t\t\t<\/div>\n\t\t<\/div>\n\t\t\t\t\t<\/div>\n\t\t<\/section>\n\t\t\t\t\t<\/div>\n\t\t<\/div>\n\t\t\t\t\t<\/div>\n\t\t<\/section>\n\t\t\t\t<\/div>\n\t\t","protected":false},"excerpt":{"rendered":"<p>HOMEOPAT\u00cdA Integrando Medicina Tradicional y Homeopat\u00eda para el Bienestar Integral Las Medicinas Tradicionales del mundo definen la enfermedad, no como un proceso aleatorio que aparece por casualidad, sino como la p\u00e9rdida del equilibrio del cuerpo debido a diversos factores. Conocer dichos factores permite crear programas terap\u00e9uticos efectivos para promover la Salud a nivel f\u00edsico, emocional [&hellip;]<\/p>\n","protected":false},"author":1,"featured_media":0,"parent":0,"menu_order":0,"comment_status":"closed","ping_status":"closed","template":"","meta":{"footnotes":""},"class_list":["post-531","page","type-page","status-publish","hentry"],"yoast_head":"<!-- This site is optimized with the Yoast SEO plugin v24.7 - https:\/\/yoast.com\/wordpress\/plugins\/seo\/ -->\n<title>Homeopat\u00eda - Centrosdotorvalle<\/title>\n<meta name=\"robots\" content=\"index, follow, max-snippet:-1, max-image-preview:large, max-video-preview:-1\" \/>\n<link rel=\"canonical\" href=\"https:\/\/centrosdotorvalle.es\/?page_id=531\" \/>\n<meta property=\"og:locale\" content=\"es_ES\" \/>\n<meta property=\"og:type\" content=\"article\" \/>\n<meta property=\"og:title\" content=\"Homeopat\u00eda - Centrosdotorvalle\" \/>\n<meta property=\"og:description\" content=\"HOMEOPAT\u00cdA Integrando Medicina Tradicional y Homeopat\u00eda para el Bienestar Integral Las Medicinas Tradicionales del mundo definen la enfermedad, no como un proceso aleatorio que aparece por casualidad, sino como la p\u00e9rdida del equilibrio del cuerpo debido a diversos factores. Conocer dichos factores permite crear programas terap\u00e9uticos efectivos para promover la Salud a nivel f\u00edsico, emocional [&hellip;]\" \/>\n<meta property=\"og:url\" content=\"https:\/\/centrosdotorvalle.es\/?page_id=531\" \/>\n<meta property=\"og:site_name\" content=\"Centrosdotorvalle\" \/>\n<meta property=\"article:modified_time\" content=\"2024-10-21T11:32:50+00:00\" \/>\n<meta property=\"og:image\" content=\"https:\/\/centrosdotorvalle.es\/wp-content\/uploads\/2024\/05\/WhatsApp-Image-2024-02-04-at-16.29.26-1016x1024.jpeg\" \/>\n<meta name=\"twitter:card\" content=\"summary_large_image\" \/>\n<meta name=\"twitter:label1\" content=\"Tiempo de lectura\" \/>\n\t<meta name=\"twitter:data1\" content=\"2 minutos\" \/>\n<script type=\"application\/ld+json\" class=\"yoast-schema-graph\">{\"@context\":\"https:\/\/schema.org\",\"@graph\":[{\"@type\":\"WebPage\",\"@id\":\"https:\/\/centrosdotorvalle.es\/?page_id=531\",\"url\":\"https:\/\/centrosdotorvalle.es\/?page_id=531\",\"name\":\"Homeopat\u00eda - Centrosdotorvalle\",\"isPartOf\":{\"@id\":\"https:\/\/centrosdotorvalle.es\/#website\"},\"primaryImageOfPage\":{\"@id\":\"https:\/\/centrosdotorvalle.es\/?page_id=531#primaryimage\"},\"image\":{\"@id\":\"https:\/\/centrosdotorvalle.es\/?page_id=531#primaryimage\"},\"thumbnailUrl\":\"https:\/\/centrosdotorvalle.es\/wp-content\/uploads\/2024\/05\/WhatsApp-Image-2024-02-04-at-16.29.26-1016x1024.jpeg\",\"datePublished\":\"2024-05-24T18:27:45+00:00\",\"dateModified\":\"2024-10-21T11:32:50+00:00\",\"breadcrumb\":{\"@id\":\"https:\/\/centrosdotorvalle.es\/?page_id=531#breadcrumb\"},\"inLanguage\":\"es\",\"potentialAction\":[{\"@type\":\"ReadAction\",\"target\":[\"https:\/\/centrosdotorvalle.es\/?page_id=531\"]}]},{\"@type\":\"ImageObject\",\"inLanguage\":\"es\",\"@id\":\"https:\/\/centrosdotorvalle.es\/?page_id=531#primaryimage\",\"url\":\"https:\/\/centrosdotorvalle.es\/wp-content\/uploads\/2024\/05\/WhatsApp-Image-2024-02-04-at-16.29.26.jpeg\",\"contentUrl\":\"https:\/\/centrosdotorvalle.es\/wp-content\/uploads\/2024\/05\/WhatsApp-Image-2024-02-04-at-16.29.26.jpeg\",\"width\":1141,\"height\":1150},{\"@type\":\"BreadcrumbList\",\"@id\":\"https:\/\/centrosdotorvalle.es\/?page_id=531#breadcrumb\",\"itemListElement\":[{\"@type\":\"ListItem\",\"position\":1,\"name\":\"Portada\",\"item\":\"https:\/\/centrosdotorvalle.es\/\"},{\"@type\":\"ListItem\",\"position\":2,\"name\":\"Homeopat\u00eda\"}]},{\"@type\":\"WebSite\",\"@id\":\"https:\/\/centrosdotorvalle.es\/#website\",\"url\":\"https:\/\/centrosdotorvalle.es\/\",\"name\":\"Centrosdotorvalle\",\"description\":\"\",\"publisher\":{\"@id\":\"https:\/\/centrosdotorvalle.es\/#organization\"},\"potentialAction\":[{\"@type\":\"SearchAction\",\"target\":{\"@type\":\"EntryPoint\",\"urlTemplate\":\"https:\/\/centrosdotorvalle.es\/?s={search_term_string}\"},\"query-input\":{\"@type\":\"PropertyValueSpecification\",\"valueRequired\":true,\"valueName\":\"search_term_string\"}}],\"inLanguage\":\"es\"},{\"@type\":\"Organization\",\"@id\":\"https:\/\/centrosdotorvalle.es\/#organization\",\"name\":\"Centrosdotorvalle\",\"url\":\"https:\/\/centrosdotorvalle.es\/\",\"logo\":{\"@type\":\"ImageObject\",\"inLanguage\":\"es\",\"@id\":\"https:\/\/centrosdotorvalle.es\/#\/schema\/logo\/image\/\",\"url\":\"https:\/\/centrosdotorvalle.es\/wp-content\/uploads\/2024\/05\/logo-dotorvalle.jpg\",\"contentUrl\":\"https:\/\/centrosdotorvalle.es\/wp-content\/uploads\/2024\/05\/logo-dotorvalle.jpg\",\"width\":640,\"height\":212,\"caption\":\"Centrosdotorvalle\"},\"image\":{\"@id\":\"https:\/\/centrosdotorvalle.es\/#\/schema\/logo\/image\/\"}}]}<\/script>\n<!-- \/ Yoast SEO plugin. -->","yoast_head_json":{"title":"Homeopat\u00eda - Centrosdotorvalle","robots":{"index":"index","follow":"follow","max-snippet":"max-snippet:-1","max-image-preview":"max-image-preview:large","max-video-preview":"max-video-preview:-1"},"canonical":"https:\/\/centrosdotorvalle.es\/?page_id=531","og_locale":"es_ES","og_type":"article","og_title":"Homeopat\u00eda - Centrosdotorvalle","og_description":"HOMEOPAT\u00cdA Integrando Medicina Tradicional y Homeopat\u00eda para el Bienestar Integral Las Medicinas Tradicionales del mundo definen la enfermedad, no como un proceso aleatorio que aparece por casualidad, sino como la p\u00e9rdida del equilibrio del cuerpo debido a diversos factores. Conocer dichos factores permite crear programas terap\u00e9uticos efectivos para promover la Salud a nivel f\u00edsico, emocional [&hellip;]","og_url":"https:\/\/centrosdotorvalle.es\/?page_id=531","og_site_name":"Centrosdotorvalle","article_modified_time":"2024-10-21T11:32:50+00:00","og_image":[{"url":"https:\/\/centrosdotorvalle.es\/wp-content\/uploads\/2024\/05\/WhatsApp-Image-2024-02-04-at-16.29.26-1016x1024.jpeg","type":"","width":"","height":""}],"twitter_card":"summary_large_image","twitter_misc":{"Tiempo de lectura":"2 minutos"},"schema":{"@context":"https:\/\/schema.org","@graph":[{"@type":"WebPage","@id":"https:\/\/centrosdotorvalle.es\/?page_id=531","url":"https:\/\/centrosdotorvalle.es\/?page_id=531","name":"Homeopat\u00eda - Centrosdotorvalle","isPartOf":{"@id":"https:\/\/centrosdotorvalle.es\/#website"},"primaryImageOfPage":{"@id":"https:\/\/centrosdotorvalle.es\/?page_id=531#primaryimage"},"image":{"@id":"https:\/\/centrosdotorvalle.es\/?page_id=531#primaryimage"},"thumbnailUrl":"https:\/\/centrosdotorvalle.es\/wp-content\/uploads\/2024\/05\/WhatsApp-Image-2024-02-04-at-16.29.26-1016x1024.jpeg","datePublished":"2024-05-24T18:27:45+00:00","dateModified":"2024-10-21T11:32:50+00:00","breadcrumb":{"@id":"https:\/\/centrosdotorvalle.es\/?page_id=531#breadcrumb"},"inLanguage":"es","potentialAction":[{"@type":"ReadAction","target":["https:\/\/centrosdotorvalle.es\/?page_id=531"]}]},{"@type":"ImageObject","inLanguage":"es","@id":"https:\/\/centrosdotorvalle.es\/?page_id=531#primaryimage","url":"https:\/\/centrosdotorvalle.es\/wp-content\/uploads\/2024\/05\/WhatsApp-Image-2024-02-04-at-16.29.26.jpeg","contentUrl":"https:\/\/centrosdotorvalle.es\/wp-content\/uploads\/2024\/05\/WhatsApp-Image-2024-02-04-at-16.29.26.jpeg","width":1141,"height":1150},{"@type":"BreadcrumbList","@id":"https:\/\/centrosdotorvalle.es\/?page_id=531#breadcrumb","itemListElement":[{"@type":"ListItem","position":1,"name":"Portada","item":"https:\/\/centrosdotorvalle.es\/"},{"@type":"ListItem","position":2,"name":"Homeopat\u00eda"}]},{"@type":"WebSite","@id":"https:\/\/centrosdotorvalle.es\/#website","url":"https:\/\/centrosdotorvalle.es\/","name":"Centrosdotorvalle","description":"","publisher":{"@id":"https:\/\/centrosdotorvalle.es\/#organization"},"potentialAction":[{"@type":"SearchAction","target":{"@type":"EntryPoint","urlTemplate":"https:\/\/centrosdotorvalle.es\/?s={search_term_string}"},"query-input":{"@type":"PropertyValueSpecification","valueRequired":true,"valueName":"search_term_string"}}],"inLanguage":"es"},{"@type":"Organization","@id":"https:\/\/centrosdotorvalle.es\/#organization","name":"Centrosdotorvalle","url":"https:\/\/centrosdotorvalle.es\/","logo":{"@type":"ImageObject","inLanguage":"es","@id":"https:\/\/centrosdotorvalle.es\/#\/schema\/logo\/image\/","url":"https:\/\/centrosdotorvalle.es\/wp-content\/uploads\/2024\/05\/logo-dotorvalle.jpg","contentUrl":"https:\/\/centrosdotorvalle.es\/wp-content\/uploads\/2024\/05\/logo-dotorvalle.jpg","width":640,"height":212,"caption":"Centrosdotorvalle"},"image":{"@id":"https:\/\/centrosdotorvalle.es\/#\/schema\/logo\/image\/"}}]}},"_links":{"self":[{"href":"https:\/\/centrosdotorvalle.es\/index.php?rest_route=\/wp\/v2\/pages\/531","targetHints":{"allow":["GET"]}}],"collection":[{"href":"https:\/\/centrosdotorvalle.es\/index.php?rest_route=\/wp\/v2\/pages"}],"about":[{"href":"https:\/\/centrosdotorvalle.es\/index.php?rest_route=\/wp\/v2\/types\/page"}],"author":[{"embeddable":true,"href":"https:\/\/centrosdotorvalle.es\/index.php?rest_route=\/wp\/v2\/users\/1"}],"replies":[{"embeddable":true,"href":"https:\/\/centrosdotorvalle.es\/index.php?rest_route=%2Fwp%2Fv2%2Fcomments&post=531"}],"version-history":[{"count":35,"href":"https:\/\/centrosdotorvalle.es\/index.php?rest_route=\/wp\/v2\/pages\/531\/revisions"}],"predecessor-version":[{"id":1663,"href":"https:\/\/centrosdotorvalle.es\/index.php?rest_route=\/wp\/v2\/pages\/531\/revisions\/1663"}],"wp:attachment":[{"href":"https:\/\/centrosdotorvalle.es\/index.php?rest_route=%2Fwp%2Fv2%2Fmedia&parent=531"}],"curies":[{"name":"wp","href":"https:\/\/api.w.org\/{rel}","templated":true}]}}